{"id":2,"date":"2019-12-25T19:42:16","date_gmt":"2019-12-25T19:42:16","guid":{"rendered":"https:\/\/dunsgathan.net\/sgathan\/?page_id=2"},"modified":"2023-12-28T19:39:54","modified_gmt":"2023-12-28T19:39:54","slug":"sample-page","status":"publish","type":"page","link":"https:\/\/dunsgathan.net\/sgathan\/","title":{"rendered":"Home"},"content":{"rendered":"<div class=\"boldgrid-section\">\r\n<div class=\"container\">\u00a0<\/div>\r\n<\/div>\r\n<div class=\"boldgrid-section\">\r\n<div class=\"container\">\r\n<div class=\"row\" style=\"padding-top: 8px; padding-bottom: 9px;\">\r\n<div class=\"col-md-12 col-xs-12 col-sm-12\" style=\"text-align: center;\"><em>&#8220;Tr\u00ed b\u00faada t\u00e9iti: ben ch\u00e1em, ech maith, c\u00fa l\u00faath.&#8221;<\/em><\/div>\r\n<div class=\"col-md-12 col-xs-12 col-sm-12\" style=\"text-align: center;\"><em>&#8220;Three glories of a gathering: a beautiful woman,\u00a0 a good horse, a swift hound.&#8221;\u00a0<\/em><\/div>\r\n<div class=\"col-md-12 col-xs-12 col-sm-12\" style=\"font-size: 12px; text-align: center;\">(two out of three ain&#8217;t bad)<\/div>\r\n<div class=\"col-md-12 col-xs-12 col-sm-12\" style=\"font-size: 18px; text-align: center;\"><strong>Trecheng Breth F\u00e9ne &#8211; The Triads of Ireland<\/strong><\/div>\r\n<\/div>\r\n<div class=\"row\" style=\"padding-top: 42px; padding-bottom: 34px;\">\r\n<div class=\"col-md-12 col-xs-12 col-sm-12\">\r\n<p class=\"\" style=\"font-size: 18px;\"><em>While this part of our website will continue to highlight our pets, it will also be used for information and, eventually, contact for our farm as we try to work to make this a very small working farm. And maybe a few handmade Witchy crafts. So some things may be moving around but right now that&#8217;s going slow.<\/em><\/p>\r\n<p class=\"\" style=\"font-size: 18px;\">\u00a0<\/p>\r\n<p class=\"\" style=\"font-size: 18px;\">Below is a gallery of our beloved lost, at least the dogs, horses and goats since we&#8217;ve been together. You can venture to <a href=\"https:\/\/dunsgathan.net\/sgathan\/the-house-our-hounds-and-cats\/\">The House<\/a> to meet all our dogs and cats or\u00a0<a href=\"https:\/\/dunsgathan.net\/sgathan\/barn-and-fields-our-horses-and-goats\/\">The Barn and Fields<\/a> to meet the horses and goats.\u00a0<\/p>\r\n<p class=\"\" style=\"font-size: 18px;\">There are also <a href=\"https:\/\/dunsgathan.net\/sgathan\/essays\/\">animal related essays<\/a>, some of a Gaelic Pagan nature, housed here.<\/p>\r\n<\/div>\r\n<\/div>\r\n<\/div>\r\n<\/div>\r\n\r\n<div class=\"boldgrid-section\">\r\n<div class=\"container\">\r\n<div class=\"row\" style=\"padding-bottom: 0px;\">\r\n<div class=\"col-md-12 col-xs-12 col-sm-12\">\r\n<table style=\"padding: 0em; font-size: 18px;\" border=\"1\" cellpadding=\"2\" align=\"center\">\r\n<tbody>\r\n<tr>\r\n<td>\r\n<p align=\"center\"><a href=\"https:\/\/dunsgathan.net\/sgathan\/the-house-our-hounds-and-cats\/irony\/\"><img loading=\"lazy\" decoding=\"async\" class=\"alignnone wp-image-199 size-medium\" src=\"https:\/\/dunsgathan.net\/sgathan\/wp-content\/uploads\/2019\/12\/pup2-269x300.jpg\" alt=\"Irony\" width=\"200\" height=\"223\" srcset=\"https:\/\/dunsgathan.net\/sgathan\/wp-content\/uploads\/2019\/12\/pup2-269x300.jpg 269w, https:\/\/dunsgathan.net\/sgathan\/wp-content\/uploads\/2019\/12\/pup2-172x192.jpg 172w, https:\/\/dunsgathan.net\/sgathan\/wp-content\/uploads\/2019\/12\/pup2-250x279.jpg 250w, https:\/\/dunsgathan.net\/sgathan\/wp-content\/uploads\/2019\/12\/pup2-161x180.jpg 161w, https:\/\/dunsgathan.net\/sgathan\/wp-content\/uploads\/2019\/12\/pup2.jpg 400w\" sizes=\"auto, (max-width: 200px) 100vw, 200px\" \/><\/a><\/p>\r\n<p align=\"center\"><b><a href=\"https:\/\/dunsgathan.net\/sgathan\/the-house-our-hounds-and-cats\/irony\/\"><i>Greys Irony<\/i><\/a><br \/><i>July 8, 1993-August 18, 2004<\/i><\/b><\/p>\r\n<\/td>\r\n<td>\r\n<p align=\"center\"><a href=\"https:\/\/dunsgathan.net\/sgathan\/the-house-our-hounds-and-cats\/bran\/\"><img loading=\"lazy\" decoding=\"async\" class=\"alignnone wp-image-200 size-full\" src=\"https:\/\/dunsgathan.net\/sgathan\/wp-content\/uploads\/2019\/12\/demoneyedbrancr.jpg\" alt=\"Bran\" width=\"235\" height=\"223\" srcset=\"https:\/\/dunsgathan.net\/sgathan\/wp-content\/uploads\/2019\/12\/demoneyedbrancr.jpg 235w, https:\/\/dunsgathan.net\/sgathan\/wp-content\/uploads\/2019\/12\/demoneyedbrancr-192x182.jpg 192w, https:\/\/dunsgathan.net\/sgathan\/wp-content\/uploads\/2019\/12\/demoneyedbrancr-190x180.jpg 190w\" sizes=\"auto, (max-width: 235px) 100vw, 235px\" \/><\/a><\/p>\r\n<p align=\"center\"><a href=\"https:\/\/dunsgathan.net\/sgathan\/the-house-our-hounds-and-cats\/bran\/\"><b><i>Sgathan&#8217;s Brandubh<\/i><\/b><\/a><br \/><b><i>June 1, 1996-March 18, 2008<\/i><\/b><\/p>\r\n<\/td>\r\n<td>\r\n<p align=\"center\"><a href=\"https:\/\/dunsgathan.net\/sgathan\/the-house-our-hounds-and-cats\/scolaighe\/\"><img loading=\"lazy\" decoding=\"async\" class=\"alignnone wp-image-201 size-full\" src=\"https:\/\/dunsgathan.net\/sgathan\/wp-content\/uploads\/2019\/12\/scolaigheportrait.jpg\" alt=\"Scolaighe\" width=\"182\" height=\"249\" srcset=\"https:\/\/dunsgathan.net\/sgathan\/wp-content\/uploads\/2019\/12\/scolaigheportrait.jpg 182w, https:\/\/dunsgathan.net\/sgathan\/wp-content\/uploads\/2019\/12\/scolaigheportrait-140x192.jpg 140w, https:\/\/dunsgathan.net\/sgathan\/wp-content\/uploads\/2019\/12\/scolaigheportrait-132x180.jpg 132w\" sizes=\"auto, (max-width: 182px) 100vw, 182px\" \/><\/a><\/p>\r\n<p align=\"center\"><b><i><a href=\"https:\/\/dunsgathan.net\/sgathan\/the-house-our-hounds-and-cats\/scolaighe\/\">Scolaighe<\/a>\u00a0(Hi Tech Lollypop)<\/i><\/b><br \/><b><i>May 13, 1998-December 12, 2009<\/i><\/b><\/p>\r\n<\/td>\r\n<\/tr>\r\n<tr>\r\n<td>\r\n<div><a href=\"https:\/\/dunsgathan.net\/sgathan\/the-house-our-hounds-and-cats\/cu-mor\/\"><img loading=\"lazy\" decoding=\"async\" class=\"alignnone wp-image-202 size-medium\" src=\"https:\/\/dunsgathan.net\/sgathan\/wp-content\/uploads\/2019\/12\/Img_3486r-200x300.jpg\" alt=\"Cu Mor\" width=\"200\" height=\"300\" srcset=\"https:\/\/dunsgathan.net\/sgathan\/wp-content\/uploads\/2019\/12\/Img_3486r-200x300.jpg 200w, https:\/\/dunsgathan.net\/sgathan\/wp-content\/uploads\/2019\/12\/Img_3486r-128x192.jpg 128w, https:\/\/dunsgathan.net\/sgathan\/wp-content\/uploads\/2019\/12\/Img_3486r-250x375.jpg 250w, https:\/\/dunsgathan.net\/sgathan\/wp-content\/uploads\/2019\/12\/Img_3486r-120x180.jpg 120w, https:\/\/dunsgathan.net\/sgathan\/wp-content\/uploads\/2019\/12\/Img_3486r-333x500.jpg 333w, https:\/\/dunsgathan.net\/sgathan\/wp-content\/uploads\/2019\/12\/Img_3486r.jpg 500w\" sizes=\"auto, (max-width: 200px) 100vw, 200px\" \/><\/a><\/div>\r\n<p align=\"center\"><a href=\"https:\/\/dunsgathan.net\/sgathan\/the-house-our-hounds-and-cats\/cu-mor\/\"><strong><em>C\u00f9 M\u00f3r\u00a0<\/em><\/strong><\/a><strong><em>\u00a0(Onaim Dogzilla)<\/em><\/strong><br \/><strong><em>August 24, 2002-July 27, 2013<\/em><\/strong><\/p>\r\n<\/td>\r\n<td style=\"text-align: center;\"><strong><em><a href=\"https:\/\/dunsgathan.net\/sgathan\/the-house-our-hounds-and-cats\/orlaith\/\"><img loading=\"lazy\" decoding=\"async\" class=\"alignnone wp-image-203 size-full\" src=\"https:\/\/dunsgathan.net\/sgathan\/wp-content\/uploads\/2019\/12\/Img_3003cr.jpg\" alt=\"Orlaith\" width=\"300\" height=\"300\" srcset=\"https:\/\/dunsgathan.net\/sgathan\/wp-content\/uploads\/2019\/12\/Img_3003cr.jpg 300w, https:\/\/dunsgathan.net\/sgathan\/wp-content\/uploads\/2019\/12\/Img_3003cr-150x150.jpg 150w, https:\/\/dunsgathan.net\/sgathan\/wp-content\/uploads\/2019\/12\/Img_3003cr-256x256.jpg 256w, https:\/\/dunsgathan.net\/sgathan\/wp-content\/uploads\/2019\/12\/Img_3003cr-192x192.jpg 192w, https:\/\/dunsgathan.net\/sgathan\/wp-content\/uploads\/2019\/12\/Img_3003cr-48x48.jpg 48w, https:\/\/dunsgathan.net\/sgathan\/wp-content\/uploads\/2019\/12\/Img_3003cr-250x250.jpg 250w, https:\/\/dunsgathan.net\/sgathan\/wp-content\/uploads\/2019\/12\/Img_3003cr-180x180.jpg 180w\" sizes=\"auto, (max-width: 300px) 100vw, 300px\" \/><\/a><\/em><\/strong><br \/><br \/><strong><em><a href=\"https:\/\/dunsgathan.net\/sgathan\/the-house-our-hounds-and-cats\/orlaith\/\">\u00d2rlaith<\/a>\u00a0(Prevo)<\/em><\/strong><br \/><strong><em>June 16, 2002-February 22, 2014<\/em><\/strong><\/td>\r\n<td style=\"text-align: center;\"><strong><em><a href=\"https:\/\/dunsgathan.net\/sgathan\/the-house-our-hounds-and-cats\/sachairi\/\"><img loading=\"lazy\" decoding=\"async\" class=\"alignnone wp-image-204 size-medium\" src=\"https:\/\/dunsgathan.net\/sgathan\/wp-content\/uploads\/2019\/12\/Img_4467cr-240x300.jpg\" alt=\"Sachairi \" width=\"240\" height=\"300\" srcset=\"https:\/\/dunsgathan.net\/sgathan\/wp-content\/uploads\/2019\/12\/Img_4467cr-240x300.jpg 240w, https:\/\/dunsgathan.net\/sgathan\/wp-content\/uploads\/2019\/12\/Img_4467cr-154x192.jpg 154w, https:\/\/dunsgathan.net\/sgathan\/wp-content\/uploads\/2019\/12\/Img_4467cr-250x312.jpg 250w, https:\/\/dunsgathan.net\/sgathan\/wp-content\/uploads\/2019\/12\/Img_4467cr-550x687.jpg 550w, https:\/\/dunsgathan.net\/sgathan\/wp-content\/uploads\/2019\/12\/Img_4467cr-144x180.jpg 144w, https:\/\/dunsgathan.net\/sgathan\/wp-content\/uploads\/2019\/12\/Img_4467cr-401x500.jpg 401w, https:\/\/dunsgathan.net\/sgathan\/wp-content\/uploads\/2019\/12\/Img_4467cr.jpg 600w\" sizes=\"auto, (max-width: 240px) 100vw, 240px\" \/><\/a><\/em><\/strong><br \/><strong><em><a href=\"https:\/\/dunsgathan.net\/sgathan\/the-house-our-hounds-and-cats\/sachairi\/\">Sachairi<\/a>\u00a0(Zachary)<\/em><\/strong><br \/><strong><em>August, 11, 2000-February 6, 2016<\/em><\/strong><\/td>\r\n<\/tr>\r\n<tr>\r\n<td style=\"text-align: center;\">\r\n<p><a href=\"https:\/\/dunsgathan.net\/sgathan\/the-house-our-hounds-and-cats\/grainne\/\"><img loading=\"lazy\" decoding=\"async\" class=\"alignnone wp-image-205 size-medium\" src=\"https:\/\/dunsgathan.net\/sgathan\/wp-content\/uploads\/2019\/12\/Img_4550cr-222x300.jpg\" alt=\"Grainne\" width=\"222\" height=\"300\" srcset=\"https:\/\/dunsgathan.net\/sgathan\/wp-content\/uploads\/2019\/12\/Img_4550cr-222x300.jpg 222w, https:\/\/dunsgathan.net\/sgathan\/wp-content\/uploads\/2019\/12\/Img_4550cr-759x1024.jpg 759w, https:\/\/dunsgathan.net\/sgathan\/wp-content\/uploads\/2019\/12\/Img_4550cr-768x1036.jpg 768w, https:\/\/dunsgathan.net\/sgathan\/wp-content\/uploads\/2019\/12\/Img_4550cr-142x192.jpg 142w, https:\/\/dunsgathan.net\/sgathan\/wp-content\/uploads\/2019\/12\/Img_4550cr-250x337.jpg 250w, https:\/\/dunsgathan.net\/sgathan\/wp-content\/uploads\/2019\/12\/Img_4550cr-550x742.jpg 550w, https:\/\/dunsgathan.net\/sgathan\/wp-content\/uploads\/2019\/12\/Img_4550cr-800x1079.jpg 800w, https:\/\/dunsgathan.net\/sgathan\/wp-content\/uploads\/2019\/12\/Img_4550cr-133x180.jpg 133w, https:\/\/dunsgathan.net\/sgathan\/wp-content\/uploads\/2019\/12\/Img_4550cr-371x500.jpg 371w, https:\/\/dunsgathan.net\/sgathan\/wp-content\/uploads\/2019\/12\/Img_4550cr.jpg 900w\" sizes=\"auto, (max-width: 222px) 100vw, 222px\" \/><\/a><\/p>\r\n<p><strong><em><a href=\"https:\/\/dunsgathan.net\/sgathan\/the-house-our-hounds-and-cats\/grainne\/\">Gr\u00e1inne<\/a>\u00a0(Sunset Seduction)<\/em><\/strong><br \/><em><strong>January 27, 2010-March 2, 2017<\/strong><\/em><\/p>\r\n<\/td>\r\n<td style=\"text-align: center;\">\r\n<p><a href=\"https:\/\/dunsgathan.net\/sgathan\/the-house-our-hounds-and-cats\/gleann\/\"><img loading=\"lazy\" decoding=\"async\" class=\"wp-image-54 aligncenter\" src=\"https:\/\/dunsgathan.net\/sgathan\/wp-content\/uploads\/2019\/12\/Img_2566cr-e1577313754330.jpg\" alt=\"Gleann\" width=\"265\" height=\"242\" srcset=\"https:\/\/dunsgathan.net\/sgathan\/wp-content\/uploads\/2019\/12\/Img_2566cr-e1577313754330.jpg 218w, https:\/\/dunsgathan.net\/sgathan\/wp-content\/uploads\/2019\/12\/Img_2566cr-e1577313754330-192x175.jpg 192w, https:\/\/dunsgathan.net\/sgathan\/wp-content\/uploads\/2019\/12\/Img_2566cr-e1577313754330-197x180.jpg 197w\" sizes=\"auto, (max-width: 265px) 100vw, 265px\" \/><\/a><strong><em><a href=\"https:\/\/dunsgathan.net\/sgathan\/the-house-our-hounds-and-cats\/gleann\/\">Sgathan&#8217;s Gleann<\/a> <\/em><\/strong><br \/><strong><em>May ?, 2004 &#8211; Oct. 18, 2019<\/em><\/strong><\/p>\r\n<\/td>\r\n<td>\r\n<p><img loading=\"lazy\" decoding=\"async\" class=\"aligncenter wp-image-438 size-full\" src=\"https:\/\/dunsgathan.net\/sgathan\/wp-content\/uploads\/2019\/12\/Merlin-in-tree-e1662218035374.jpg\" alt=\"Merlin in tree\" width=\"505\" height=\"443\" srcset=\"https:\/\/dunsgathan.net\/sgathan\/wp-content\/uploads\/2019\/12\/Merlin-in-tree-e1662218035374.jpg 505w, https:\/\/dunsgathan.net\/sgathan\/wp-content\/uploads\/2019\/12\/Merlin-in-tree-e1662218035374-300x263.jpg 300w, https:\/\/dunsgathan.net\/sgathan\/wp-content\/uploads\/2019\/12\/Merlin-in-tree-e1662218035374-250x219.jpg 250w, https:\/\/dunsgathan.net\/sgathan\/wp-content\/uploads\/2019\/12\/Merlin-in-tree-e1662218035374-205x180.jpg 205w, https:\/\/dunsgathan.net\/sgathan\/wp-content\/uploads\/2019\/12\/Merlin-in-tree-e1662218035374-342x300.jpg 342w\" sizes=\"auto, (max-width: 505px) 100vw, 505px\" \/><\/p>\r\n<p style=\"text-align: center;\"><em><strong><a href=\"https:\/\/dunsgathan.net\/sgathan\/the-house-our-hounds-and-cats\/merlin\/\">Merlin<\/a>\u00a0<\/strong><\/em><br \/><em><strong>200? &#8211; August 25, 2022<\/strong><\/em><\/p>\r\n<p><img loading=\"lazy\" decoding=\"async\" class=\"aligncenter wp-image-424 \" src=\"https:\/\/dunsgathan.net\/sgathan\/wp-content\/uploads\/2019\/12\/nimuetopofstairss-e1685829441470-200x300.jpg\" alt=\"Nimue at top of stairs\" width=\"142\" height=\"209\" \/><\/p>\r\n<p style=\"text-align: center;\"><em><strong><a href=\"https:\/\/dunsgathan.net\/sgathan\/the-house-our-hounds-and-cats\/nimue\/\">Nimue<\/a> <br \/><\/strong><\/em><em><strong>2001 &#8211; May 25, 2023<\/strong><\/em><\/p>\r\n<\/td>\r\n<\/tr>\r\n<tr>\r\n<td style=\"text-align: center;\">\r\n<p>&nbsp;<\/p>\r\n<p><img loading=\"lazy\" decoding=\"async\" class=\"aligncenter size-medium wp-image-808\" src=\"https:\/\/dunsgathan.net\/sgathan\/wp-content\/uploads\/2023\/12\/cairbre-6-11-2022-300x225.jpg\" alt=\"Cairbre 6 11 2022 soaking in pond \" width=\"300\" height=\"225\" srcset=\"https:\/\/dunsgathan.net\/sgathan\/wp-content\/uploads\/2023\/12\/cairbre-6-11-2022-300x225.jpg 300w, https:\/\/dunsgathan.net\/sgathan\/wp-content\/uploads\/2023\/12\/cairbre-6-11-2022-768x576.jpg 768w, https:\/\/dunsgathan.net\/sgathan\/wp-content\/uploads\/2023\/12\/cairbre-6-11-2022-400x300.jpg 400w, https:\/\/dunsgathan.net\/sgathan\/wp-content\/uploads\/2023\/12\/cairbre-6-11-2022-250x188.jpg 250w, https:\/\/dunsgathan.net\/sgathan\/wp-content\/uploads\/2023\/12\/cairbre-6-11-2022-550x413.jpg 550w, https:\/\/dunsgathan.net\/sgathan\/wp-content\/uploads\/2023\/12\/cairbre-6-11-2022-800x600.jpg 800w, https:\/\/dunsgathan.net\/sgathan\/wp-content\/uploads\/2023\/12\/cairbre-6-11-2022-240x180.jpg 240w, https:\/\/dunsgathan.net\/sgathan\/wp-content\/uploads\/2023\/12\/cairbre-6-11-2022-667x500.jpg 667w, https:\/\/dunsgathan.net\/sgathan\/wp-content\/uploads\/2023\/12\/cairbre-6-11-2022.jpg 876w\" sizes=\"auto, (max-width: 300px) 100vw, 300px\" \/><\/p>\r\n<p><em><strong><a href=\"https:\/\/dunsgathan.net\/sgathan\/the-house-our-hounds-and-cats\/cairbre\/\">Cairbre<\/a> (Crowd Control<\/strong><\/em><br \/><em><strong>November 22, 2010 &#8211; June 17, 2023<\/strong><\/em><\/p>\r\n<\/td>\r\n<td style=\"text-align: center;\">\u00a0<\/td>\r\n<td>\u00a0<\/td>\r\n<\/tr>\r\n<\/tbody>\r\n<\/table>\r\n<\/div>\r\n<\/div>\r\n<\/div>\r\n<\/div>\r\n\r\n<div class=\"boldgrid-section\">\r\n<div class=\"container\">\r\n<div class=\"row\" style=\"padding-bottom: 0px;\">\r\n<div class=\"col-md-12 col-xs-12 col-sm-12\">\r\n<table style=\"padding: 0em; font-size: 18px;\" border=\"1\" cellpadding=\"2\" align=\"center\">\r\n<tbody>\r\n<tr>\r\n<td>\r\n<p align=\"center\"><a href=\"https:\/\/dunsgathan.net\/sgathan\/barn-and-fields-our-horses-and-goats\/saoradh\/\"><img loading=\"lazy\" decoding=\"async\" class=\"wp-image-222 size-full aligncenter\" src=\"https:\/\/dunsgathan.net\/sgathan\/wp-content\/uploads\/2019\/12\/kymsaoradh03-2.jpg\" alt=\"Saoradh\" width=\"215\" height=\"157\" srcset=\"https:\/\/dunsgathan.net\/sgathan\/wp-content\/uploads\/2019\/12\/kymsaoradh03-2.jpg 215w, https:\/\/dunsgathan.net\/sgathan\/wp-content\/uploads\/2019\/12\/kymsaoradh03-2-192x140.jpg 192w\" sizes=\"auto, (max-width: 215px) 100vw, 215px\" \/><\/a><em><b><a href=\"https:\/\/dunsgathan.net\/sgathan\/barn-and-fields-our-horses-and-goats\/saoradh\/\">Saoradh<\/a><br \/>&#8220;Maltese Sartez&#8221;<br \/>Born:April 29, 1974-<\/b><b>rescued: April 29, 2001-died:March 18, 2007<\/b><\/em><\/p>\r\n<p align=\"center\">\u00a0<\/p>\r\n<\/td>\r\n<td>\r\n<p align=\"center\"><a href=\"https:\/\/dunsgathan.net\/sgathan\/barn-and-fields-our-horses-and-goats\/the-mini-horses\/\"><img loading=\"lazy\" decoding=\"async\" class=\"aligncenter wp-image-223 size-wccarouselsmall\" src=\"https:\/\/dunsgathan.net\/sgathan\/wp-content\/uploads\/2019\/12\/topperandwillowinharness-210x150.jpg\" alt=\"Topper and Willow\" width=\"210\" height=\"150\" srcset=\"https:\/\/dunsgathan.net\/sgathan\/wp-content\/uploads\/2019\/12\/topperandwillowinharness-210x150.jpg 210w, https:\/\/dunsgathan.net\/sgathan\/wp-content\/uploads\/2019\/12\/topperandwillowinharness-400x285.jpg 400w\" sizes=\"auto, (max-width: 210px) 100vw, 210px\" \/><\/a><b><\/b><em><b><a href=\"https:\/\/dunsgathan.net\/sgathan\/barn-and-fields-our-horses-and-goats\/the-mini-horses\/\">Topper<\/a><\/b><\/em><br \/><em><b>Born: 1988&#8211;died: December 1, 2008<br \/><\/b><\/em><\/p>\r\n<div style=\"text-align: center;\"><em><b><a href=\"https:\/\/dunsgathan.net\/sgathan\/barn-and-fields-our-horses-and-goats\/the-mini-horses\/\">Willow<\/a><\/b><\/em><\/div>\r\n<div><em><b>Born: 1988&#8211; died: May 13, 2009<\/b><\/em><\/div>\r\n<\/td>\r\n<td>\r\n<p align=\"center\"><a href=\"https:\/\/dunsgathan.net\/sgathan\/barn-and-fields-our-horses-and-goats\/the-goats\/\"><img loading=\"lazy\" decoding=\"async\" class=\"aligncenter wp-image-109 size-medium\" src=\"https:\/\/dunsgathan.net\/sgathan\/wp-content\/uploads\/2019\/12\/Img_3389cr-266x300.jpg\" alt=\"Randver\" width=\"266\" height=\"300\" srcset=\"https:\/\/dunsgathan.net\/sgathan\/wp-content\/uploads\/2019\/12\/Img_3389cr-266x300.jpg 266w, https:\/\/dunsgathan.net\/sgathan\/wp-content\/uploads\/2019\/12\/Img_3389cr-170x192.jpg 170w, https:\/\/dunsgathan.net\/sgathan\/wp-content\/uploads\/2019\/12\/Img_3389cr-250x282.jpg 250w, https:\/\/dunsgathan.net\/sgathan\/wp-content\/uploads\/2019\/12\/Img_3389cr-160x180.jpg 160w, https:\/\/dunsgathan.net\/sgathan\/wp-content\/uploads\/2019\/12\/Img_3389cr-443x500.jpg 443w, https:\/\/dunsgathan.net\/sgathan\/wp-content\/uploads\/2019\/12\/Img_3389cr.jpg 500w\" sizes=\"auto, (max-width: 266px) 100vw, 266px\" \/><\/a><\/p>\r\n<p align=\"center\"><em><strong><a href=\"https:\/\/dunsgathan.net\/sgathan\/barn-and-fields-our-horses-and-goats\/the-goats\/\">Randv\u00e9r<\/a><\/strong><\/em><br \/><em><strong>Born:2009 &#8211; died:June 30, 2011<\/strong><\/em><\/p>\r\n<\/td>\r\n<\/tr>\r\n<tr>\r\n<td>\r\n<div><a href=\"https:\/\/dunsgathan.net\/sgathan\/barn-and-fields-our-horses-and-goats\/misty\/\"><img loading=\"lazy\" decoding=\"async\" class=\"aligncenter wp-image-224 size-medium\" src=\"https:\/\/dunsgathan.net\/sgathan\/wp-content\/uploads\/2019\/12\/Img_3928c-187x300.jpg\" alt=\"Misty\" width=\"187\" height=\"300\" srcset=\"https:\/\/dunsgathan.net\/sgathan\/wp-content\/uploads\/2019\/12\/Img_3928c-187x300.jpg 187w, https:\/\/dunsgathan.net\/sgathan\/wp-content\/uploads\/2019\/12\/Img_3928c-638x1024.jpg 638w, https:\/\/dunsgathan.net\/sgathan\/wp-content\/uploads\/2019\/12\/Img_3928c-768x1232.jpg 768w, https:\/\/dunsgathan.net\/sgathan\/wp-content\/uploads\/2019\/12\/Img_3928c-957x1536.jpg 957w, https:\/\/dunsgathan.net\/sgathan\/wp-content\/uploads\/2019\/12\/Img_3928c-120x192.jpg 120w, https:\/\/dunsgathan.net\/sgathan\/wp-content\/uploads\/2019\/12\/Img_3928c-250x401.jpg 250w, https:\/\/dunsgathan.net\/sgathan\/wp-content\/uploads\/2019\/12\/Img_3928c-550x883.jpg 550w, https:\/\/dunsgathan.net\/sgathan\/wp-content\/uploads\/2019\/12\/Img_3928c-800x1284.jpg 800w, https:\/\/dunsgathan.net\/sgathan\/wp-content\/uploads\/2019\/12\/Img_3928c-112x180.jpg 112w, https:\/\/dunsgathan.net\/sgathan\/wp-content\/uploads\/2019\/12\/Img_3928c-312x500.jpg 312w, https:\/\/dunsgathan.net\/sgathan\/wp-content\/uploads\/2019\/12\/Img_3928c.jpg 1052w\" sizes=\"auto, (max-width: 187px) 100vw, 187px\" \/><\/a><\/div>\r\n<p align=\"center\"><a href=\"https:\/\/dunsgathan.net\/sgathan\/barn-and-fields-our-horses-and-goats\/misty\/\"><em><strong>Misty\u00a0<\/strong><\/em><\/a><br \/><em><strong>Born:199?-adopted: October 15, 2011-died:March 30, 2017<\/strong><\/em><\/p>\r\n<\/td>\r\n<td style=\"text-align: center;\"><a href=\"https:\/\/dunsgathan.net\/sgathan\/barn-and-fields-our-horses-and-goats\/the-goats\/\"><img loading=\"lazy\" decoding=\"async\" class=\"aligncenter wp-image-79 size-medium\" src=\"https:\/\/dunsgathan.net\/sgathan\/wp-content\/uploads\/2019\/12\/elina-and-chickens-300x300.jpg\" alt=\"Elina and chickens\" width=\"300\" height=\"300\" srcset=\"https:\/\/dunsgathan.net\/sgathan\/wp-content\/uploads\/2019\/12\/elina-and-chickens-300x300.jpg 300w, https:\/\/dunsgathan.net\/sgathan\/wp-content\/uploads\/2019\/12\/elina-and-chickens-150x150.jpg 150w, https:\/\/dunsgathan.net\/sgathan\/wp-content\/uploads\/2019\/12\/elina-and-chickens-256x256.jpg 256w, https:\/\/dunsgathan.net\/sgathan\/wp-content\/uploads\/2019\/12\/elina-and-chickens-192x192.jpg 192w, https:\/\/dunsgathan.net\/sgathan\/wp-content\/uploads\/2019\/12\/elina-and-chickens-48x48.jpg 48w, https:\/\/dunsgathan.net\/sgathan\/wp-content\/uploads\/2019\/12\/elina-and-chickens-250x250.jpg 250w, https:\/\/dunsgathan.net\/sgathan\/wp-content\/uploads\/2019\/12\/elina-and-chickens-180x180.jpg 180w, https:\/\/dunsgathan.net\/sgathan\/wp-content\/uploads\/2019\/12\/elina-and-chickens.jpg 497w\" sizes=\"auto, (max-width: 300px) 100vw, 300px\" \/><\/a><br \/><em><strong><a href=\"https:\/\/dunsgathan.net\/sgathan\/barn-and-fields-our-horses-and-goats\/the-goats\/\">El\u00edna<\/a> Born:2009 -died:June 21, 2019<\/strong><\/em><\/td>\r\n<td style=\"text-align: center;\">\r\n<p><a href=\"https:\/\/dunsgathan.net\/sgathan\/barn-and-fields-our-horses-and-goats\/the-mini-horses\/\"><img loading=\"lazy\" decoding=\"async\" class=\"aligncenter wp-image-463 size-medium\" src=\"https:\/\/dunsgathan.net\/sgathan\/wp-content\/uploads\/2019\/12\/Macha-2018-the-Mini-boys-260x300.jpg\" alt=\"Cimmaron and Iceman wearing daisy chains for L\u00e0 Fh\u00e9ill Macha 2018\" width=\"260\" height=\"300\" srcset=\"https:\/\/dunsgathan.net\/sgathan\/wp-content\/uploads\/2019\/12\/Macha-2018-the-Mini-boys-260x300.jpg 260w, https:\/\/dunsgathan.net\/sgathan\/wp-content\/uploads\/2019\/12\/Macha-2018-the-Mini-boys-768x885.jpg 768w, https:\/\/dunsgathan.net\/sgathan\/wp-content\/uploads\/2019\/12\/Macha-2018-the-Mini-boys-167x192.jpg 167w, https:\/\/dunsgathan.net\/sgathan\/wp-content\/uploads\/2019\/12\/Macha-2018-the-Mini-boys-250x288.jpg 250w, https:\/\/dunsgathan.net\/sgathan\/wp-content\/uploads\/2019\/12\/Macha-2018-the-Mini-boys-550x634.jpg 550w, https:\/\/dunsgathan.net\/sgathan\/wp-content\/uploads\/2019\/12\/Macha-2018-the-Mini-boys-800x922.jpg 800w, https:\/\/dunsgathan.net\/sgathan\/wp-content\/uploads\/2019\/12\/Macha-2018-the-Mini-boys-156x180.jpg 156w, https:\/\/dunsgathan.net\/sgathan\/wp-content\/uploads\/2019\/12\/Macha-2018-the-Mini-boys-434x500.jpg 434w, https:\/\/dunsgathan.net\/sgathan\/wp-content\/uploads\/2019\/12\/Macha-2018-the-Mini-boys.jpg 833w\" sizes=\"auto, (max-width: 260px) 100vw, 260px\" \/><\/a><\/p>\r\n<p><a href=\"https:\/\/dunsgathan.net\/sgathan\/barn-and-fields-our-horses-and-goats\/the-mini-horses\/\"><em><strong>Cimarron<\/strong><\/em><\/a> <em><b>Born: 1988- died: <\/b><\/em><b><i>January 22, 2021<\/i><\/b><\/p>\r\n<p><a href=\"https:\/\/dunsgathan.net\/sgathan\/barn-and-fields-our-horses-and-goats\/the-mini-horses\/\"><strong><em>Iceman<\/em><\/strong><\/a> <em><b>Born: 1988-died: <\/b><\/em><b><i>January 22, 2021<\/i><\/b><\/p>\r\n<p>&nbsp;<\/p>\r\n<p>&nbsp;<\/p>\r\n<\/td>\r\n<\/tr>\r\n<tr>\r\n<td style=\"text-align: center;\">\r\n<p>&nbsp;<\/p>\r\n<\/td>\r\n<td style=\"text-align: center;\">\u00a0<\/td>\r\n<td>\u00a0<\/td>\r\n<\/tr>\r\n<\/tbody>\r\n<\/table>\r\n<\/div>\r\n<\/div>\r\n<\/div>\r\n<\/div>\r\n\r\n\r\n\r\n<p>&nbsp;<\/p>\r\n\r\n\r\n\r\n\r\n\r\n<p>&nbsp;<\/p>\r\n","protected":false},"excerpt":{"rendered":"<p>\u00a0 &#8220;Tr\u00ed b\u00faada t\u00e9iti: ben ch\u00e1em, ech maith, c\u00fa l\u00faath.&#8221; &#8220;Three glories of a gathering: a beautiful woman,\u00a0 a good horse, a swift hound.&#8221;\u00a0 (two out of three ain&#8217;t bad) Trecheng Breth F\u00e9ne &#8211; The Triads of Ireland While this &hellip; <a href=\"https:\/\/dunsgathan.net\/sgathan\/\">Continue reading <span class=\"meta-nav\">&rarr;<\/span><\/a><\/p>\n","protected":false},"author":1,"featured_media":0,"parent":0,"menu_order":0,"comment_status":"closed","ping_status":"open","template":"","meta":{"bgseo_title":"","bgseo_description":"","bgseo_robots_index":"index","bgseo_robots_follow":"follow","footnotes":""},"class_list":["post-2","page","type-page","status-publish","hentry"],"jetpack_sharing_enabled":true,"_links":{"self":[{"href":"https:\/\/dunsgathan.net\/sgathan\/wp-json\/wp\/v2\/pages\/2","targetHints":{"allow":["GET"]}}],"collection":[{"href":"https:\/\/dunsgathan.net\/sgathan\/wp-json\/wp\/v2\/pages"}],"about":[{"href":"https:\/\/dunsgathan.net\/sgathan\/wp-json\/wp\/v2\/types\/page"}],"author":[{"embeddable":true,"href":"https:\/\/dunsgathan.net\/sgathan\/wp-json\/wp\/v2\/users\/1"}],"replies":[{"embeddable":true,"href":"https:\/\/dunsgathan.net\/sgathan\/wp-json\/wp\/v2\/comments?post=2"}],"version-history":[{"count":10,"href":"https:\/\/dunsgathan.net\/sgathan\/wp-json\/wp\/v2\/pages\/2\/revisions"}],"predecessor-version":[{"id":812,"href":"https:\/\/dunsgathan.net\/sgathan\/wp-json\/wp\/v2\/pages\/2\/revisions\/812"}],"wp:attachment":[{"href":"https:\/\/dunsgathan.net\/sgathan\/wp-json\/wp\/v2\/media?parent=2"}],"curies":[{"name":"wp","href":"https:\/\/api.w.org\/{rel}","templated":true}]}}